{"id":926,"date":"2017-05-12T14:18:52","date_gmt":"2017-05-12T13:18:52","guid":{"rendered":"http:\/\/andreas-wolter.com\/?page_id=926"},"modified":"2017-07-27T15:15:21","modified_gmt":"2017-07-27T14:15:21","slug":"jsp-performancemonitoring","status":"publish","type":"page","link":"https:\/\/andreas-wolter.com\/en\/training\/jsp-performancemonitoring\/","title":{"rendered":"SQL Server Performance JumpStart-Training (JSP)"},"content":{"rendered":"<div class='flex_column_table av-av_one_third-1f15b01c231f8b34e1362c844f22d166 sc-av_one_third av-equal-height-column-flextable'>\n<style type=\"text\/css\" data-created_by=\"avia_inline_auto\" id=\"style-css-av-av_one_third-1f15b01c231f8b34e1362c844f22d166\">\n.flex_column.av-av_one_third-1f15b01c231f8b34e1362c844f22d166{\nborder-radius:0px 0px 0px 0px;\npadding:0px 0px 0px 0px;\n}\n<\/style>\n<div  class='flex_column av-av_one_third-1f15b01c231f8b34e1362c844f22d166 av_one_third  avia-builder-el-0  el_before_av_two_third  avia-builder-el-first  first flex_column_table_cell av-equal-height-column av-align-middle av-zero-column-padding  '     ><style type=\"text\/css\" data-created_by=\"avia_inline_auto\" id=\"style-css-av-av_image-dd0f1c405fbd2cfe44d1f98afd03cbc6\">\n.avia-image-container.av-av_image-dd0f1c405fbd2cfe44d1f98afd03cbc6 img.avia_image{\nbox-shadow:none;\n}\n.avia-image-container.av-av_image-dd0f1c405fbd2cfe44d1f98afd03cbc6 .av-image-caption-overlay-center{\ncolor:#ffffff;\n}\n<\/style>\n<div  class='avia-image-container av-av_image-dd0f1c405fbd2cfe44d1f98afd03cbc6 av-styling- avia-align-center  avia-builder-el-1  avia-builder-el-no-sibling '   itemprop=\"image\" itemscope=\"itemscope\" itemtype=\"https:\/\/schema.org\/ImageObject\" ><div class=\"avia-image-container-inner\"><div class=\"avia-image-overlay-wrap\"><img decoding=\"async\" class='wp-image-1264 avia-img-lazy-loading-not-1264 avia_image ' src=\"https:\/\/andreas-wolter.com\/wp-content\/uploads\/2017\/07\/SQL-Server-Master-Class.png\" alt='' title='SQL-Server-Master-Class'  height=\"114\" width=\"250\"  itemprop=\"thumbnailUrl\"  \/><\/div><\/div><\/div><\/div>\r\n\r\n<div class='av-flex-placeholder'><\/div>\n<style type=\"text\/css\" data-created_by=\"avia_inline_auto\" id=\"style-css-av-av_two_third-c8fc129dc35fd1ae2a1e410224d39ea8\">\n.flex_column.av-av_two_third-c8fc129dc35fd1ae2a1e410224d39ea8{\nborder-radius:0px 0px 0px 0px;\npadding:0px 0px 0px 0px;\n}\n<\/style>\n<div  class='flex_column av-av_two_third-c8fc129dc35fd1ae2a1e410224d39ea8 av_two_third  avia-builder-el-2  el_after_av_one_third  el_before_av_one_full  flex_column_table_cell av-equal-height-column av-align-middle av-zero-column-padding  '     ><section  class='av_textblock_section av-av_textblock-2de302bf1aa3cf4c9157dbe6f50ac7eb '   itemscope=\"itemscope\" itemtype=\"https:\/\/schema.org\/CreativeWork\" ><div class='avia_textblock'  itemprop=\"text\" ><p><em>This web seminar information is currently only available in German.<\/em><\/p>\n<p><b>Neuer Termin ist in Planung!<\/b><\/p>\n<p>100 Minuten (90 Min Vortrag und Demos + 10 Min Fragen &#038; Antworten)<\/p>\n<p>Dieses Web-basierte JumpStart Training ist als Starthilfe f\u00fcr all diejenigen gedacht, die sich das Thema SQL Server Performance-Analyse aneignen m\u00f6chten. Neben einer Einf\u00fchrung in Windows und SQL Server Ressourcen, die f\u00fcr die Arbeit von SQL Server erforderlich sind, werden die wichtigsten Begrifflichkeiten und Termini in diesem Bereich gekl\u00e4rt.<\/p>\n<\/div><\/section><\/div><\/div><!--close column table wrapper. Autoclose: 1 -->\n<style type=\"text\/css\" data-created_by=\"avia_inline_auto\" id=\"style-css-av-av_one_full-15d750bd1b332b34c6e70b077ebbccdf\">\n.flex_column.av-av_one_full-15d750bd1b332b34c6e70b077ebbccdf{\nborder-radius:0px 0px 0px 0px;\npadding:0px 0px 0px 0px;\n}\n<\/style>\n<div  class='flex_column av-av_one_full-15d750bd1b332b34c6e70b077ebbccdf av_one_full  avia-builder-el-4  el_after_av_two_third  el_before_av_one_full  first flex_column_div av-zero-column-padding  column-top-margin'     ><section  class='av_textblock_section av-av_textblock-2de302bf1aa3cf4c9157dbe6f50ac7eb '   itemscope=\"itemscope\" itemtype=\"https:\/\/schema.org\/CreativeWork\" ><div class='avia_textblock'  itemprop=\"text\" ><p>Au\u00dferdem gibt es einen \u00dcberblick \u00fcber den aktuellen Stand der technischen M\u00f6glichkeiten zur Analyse und \u00dcberwachung sowohl in Bordmitteln als auch, welche M\u00f6glichkeiten Drittanbieter-Tools dar\u00fcber hinaus bieten. Dabei wird insbesondere SQLSentry\u2122 als das mit Abstand professionellste Werkzeug vorgestellt. (Alle Teilnehmer erhalten Zugang zu einer 60-Tage Testversion von SQLSentry.)<\/p>\n<p>Durchgef\u00fchrt wird die Session von Andreas Wolter, MVP und einer von zwei Microsoft Certified Solution Master der Data Platform in Europa.<\/p>\n<ul>\n<li>Einleitung\n<ul>\n<li>Methoden und Ans\u00e4tze f\u00fcr Performance Monitoring &#038; Troubleshooting<\/li>\n<\/ul>\n<\/li>\n<li>Einf\u00fchrung in Windows Performance Monitor (Perfmon)<\/li>\n<li>Was sind Dynamic Mangement Views \/ Functions? (DMVs &#038; DMFs)<\/li>\n<li>Das Management Data Warehouse (MDW)<\/li>\n<li>Abgrenzung SQL Trace &#038; Profiler f\u00fcr pre-SQL 2012-Systeme vs Extended<br \/>\nEvents<\/li>\n<li>Einf\u00fchrung in Extended Events<\/li>\n<li>\u00dcbersicht \u00fcber Drittanbieter zur Unterst\u00fctzung von Monitoring SQL Sever<\/li>\n<li>Einf\u00fchrung SQLSentry als Drittanbieterwerkzeug\n<ul>\n<li>Installation\/Architektur<\/li>\n<li>Kurzvorstellung GUI<\/li>\n<\/ul>\n<\/li>\n<li>Q&#038;A<\/li>\n<\/ul>\n<p>Investition: 90,- EUR* pro Teilnehmer.<br \/>\nTeilnehmer der SQL Server Master-Class Performance Troubleshooting Bootcamp mit SQLSentry (PSS): 50,- EUR*.(!)<br \/>\n*zzgl. Umst 19% f\u00fcr Deutschland<\/p>\n<p><b><a href=\"mailto:info@sarpedon.de?subject=Anmeldung%20zum%20JumpStart-Training%20JSP&#038;body=Hallo%20Sarpedon%20Quality%20Lab,%0D%0A%0D%0AIch%20m%C3%B6chte:%20%28wieviele%29%20Teilnehmer%0D%0Af%C3%BCr%20das%20JumpStart-Training%20PSS%20am%2024.5.%20anmelden.%0D%0A%0D%0ARechnungs-Anschrift:%0D%0A%0D%0ARabattcode%3F\">Anmeldung<\/a><\/b><\/p>\n<p>Tipp: F\u00fcr die Teilnahme an einem Fortgeschrittenen Training wie der PSS legen wir absichtlich mindestens 2 Wochen Zeit dazwischen, denn wir empfehlen, daf\u00fcr die Inhalte zu verinnerlichen durch theoretische oder praktische Wiederholung.<\/p>\n<p>Hier geht es <a href=\"http:\/\/www.sql-server-master-class.com\/#PSS\" target=\"_blank\" rel=\"noopener\">zu der 3-Tages Master-Class Performance Troubleshooting Bootcamp mit SQLSentry.<\/a><\/p>\n<\/div><\/section><\/div>\r\n\r\n\n<style type=\"text\/css\" data-created_by=\"avia_inline_auto\" id=\"style-css-av-av_one_full-15d750bd1b332b34c6e70b077ebbccdf\">\n.flex_column.av-av_one_full-15d750bd1b332b34c6e70b077ebbccdf{\nborder-radius:0px 0px 0px 0px;\npadding:0px 0px 0px 0px;\n}\n<\/style>\n<div  class='flex_column av-av_one_full-15d750bd1b332b34c6e70b077ebbccdf av_one_full  avia-builder-el-6  el_after_av_one_full  avia-builder-el-last  first flex_column_div av-zero-column-padding  column-top-margin'     ><style type=\"text\/css\" data-created_by=\"avia_inline_auto\" id=\"style-css-av-av_image-380e3974ad41ead3925e62dce794aa09\">\n.avia-image-container.av-av_image-380e3974ad41ead3925e62dce794aa09 img.avia_image{\nbox-shadow:none;\n}\n.avia-image-container.av-av_image-380e3974ad41ead3925e62dce794aa09 .av-image-caption-overlay-center{\ncolor:#ffffff;\n}\n<\/style>\n<div  class='avia-image-container av-av_image-380e3974ad41ead3925e62dce794aa09 av-styling- avia-align-center  avia-builder-el-7  avia-builder-el-no-sibling '   itemprop=\"image\" itemscope=\"itemscope\" itemtype=\"https:\/\/schema.org\/ImageObject\" ><div class=\"avia-image-container-inner\"><div class=\"avia-image-overlay-wrap\"><img decoding=\"async\" class='wp-image-1271 avia-img-lazy-loading-not-1271 avia_image ' src=\"https:\/\/andreas-wolter.com\/wp-content\/uploads\/2017\/07\/SentryOne-Master-Class-300x203.jpg\" alt='' title='SentryOne-Master-Class-300x203'  height=\"203\" width=\"300\"  itemprop=\"thumbnailUrl\"  \/><\/div><\/div><\/div><\/div>","protected":false},"excerpt":{"rendered":"","protected":false},"author":4,"featured_media":0,"parent":922,"menu_order":0,"comment_status":"closed","ping_status":"closed","template":"","meta":{"footnotes":""},"class_list":["post-926","page","type-page","status-publish","hentry"],"_links":{"self":[{"href":"https:\/\/andreas-wolter.com\/en\/wp-json\/wp\/v2\/pages\/926","targetHints":{"allow":["GET"]}}],"collection":[{"href":"https:\/\/andreas-wolter.com\/en\/wp-json\/wp\/v2\/pages"}],"about":[{"href":"https:\/\/andreas-wolter.com\/en\/wp-json\/wp\/v2\/types\/page"}],"author":[{"embeddable":true,"href":"https:\/\/andreas-wolter.com\/en\/wp-json\/wp\/v2\/users\/4"}],"replies":[{"embeddable":true,"href":"https:\/\/andreas-wolter.com\/en\/wp-json\/wp\/v2\/comments?post=926"}],"version-history":[{"count":6,"href":"https:\/\/andreas-wolter.com\/en\/wp-json\/wp\/v2\/pages\/926\/revisions"}],"predecessor-version":[{"id":1787,"href":"https:\/\/andreas-wolter.com\/en\/wp-json\/wp\/v2\/pages\/926\/revisions\/1787"}],"up":[{"embeddable":true,"href":"https:\/\/andreas-wolter.com\/en\/wp-json\/wp\/v2\/pages\/922"}],"wp:attachment":[{"href":"https:\/\/andreas-wolter.com\/en\/wp-json\/wp\/v2\/media?parent=926"}],"curies":[{"name":"wp","href":"https:\/\/api.w.org\/{rel}","templated":true}]}}